{"id":1323,"date":"2025-04-28T20:21:38","date_gmt":"2025-04-28T20:21:38","guid":{"rendered":"https:\/\/jmserviciosintegrales.online\/?page_id=1323"},"modified":"2025-04-30T17:20:32","modified_gmt":"2025-04-30T17:20:32","slug":"servicio-de-electricista","status":"publish","type":"page","link":"https:\/\/jmserviciosintegrales.online\/index.php\/servicio-de-electricista\/","title":{"rendered":"Servicio de Electricista"},"content":{"rendered":"\t\t<div data-elementor-type=\"wp-page\" data-elementor-id=\"1323\" class=\"elementor elementor-1323\" data-elementor-post-type=\"page\">\n\t\t\t\t<div class=\"elementor-element elementor-element-23014ecf e-flex e-con-boxed wpr-particle-no wpr-jarallax-no wpr-parallax-no wpr-sticky-section-no e-con e-parent\" data-id=\"23014ecf\" data-element_type=\"container\" data-settings=\"{&quot;background_background&quot;:&quot;classic&quot;}\">\n\t\t\t\t\t<div class=\"e-con-inner\">\n\t\t<div class=\"elementor-element elementor-element-529f4f4c e-con-full e-flex wpr-particle-no wpr-jarallax-no wpr-parallax-no wpr-sticky-section-no e-con e-child\" data-id=\"529f4f4c\" data-element_type=\"container\">\n\t\t\t\t<div class=\"elementor-element elementor-element-62347ae elementor-widget elementor-widget-heading\" data-id=\"62347ae\" data-element_type=\"widget\" data-widget_type=\"heading.default\">\n\t\t\t\t<div class=\"elementor-widget-container\">\n\t\t\t\t\t<h1 class=\"elementor-heading-title elementor-size-default\">Servicio de Electricista<\/h1>\t\t\t\t<\/div>\n\t\t\t\t<\/div>\n\t\t\t\t<div class=\"elementor-element elementor-element-69d90315 elementor-widget-divider--separator-type-pattern elementor-widget-divider--view-line elementor-widget elementor-widget-divider\" data-id=\"69d90315\" data-element_type=\"widget\" data-widget_type=\"divider.default\">\n\t\t\t\t<div class=\"elementor-widget-container\">\n\t\t\t\t\t\t\t<div class=\"elementor-divider\" style=\"--divider-pattern-url: url(&quot;data:image\/svg+xml,%3Csvg xmlns=&#039;http:\/\/www.w3.org\/2000\/svg&#039; preserveAspectRatio=&#039;none&#039; overflow=&#039;visible&#039; height=&#039;100%&#039; viewBox=&#039;0 0 20 16&#039; fill=&#039;none&#039; stroke=&#039;black&#039; stroke-width=&#039;2&#039; stroke-linecap=&#039;square&#039; stroke-miterlimit=&#039;10&#039;%3E%3Cg transform=&#039;translate(-12.000000, 0)&#039;%3E%3Cpath d=&#039;M28,0L10,18&#039;\/%3E%3Cpath d=&#039;M18,0L0,18&#039;\/%3E%3Cpath d=&#039;M48,0L30,18&#039;\/%3E%3Cpath d=&#039;M38,0L20,18&#039;\/%3E%3C\/g%3E%3C\/svg%3E&quot;);\">\n\t\t\t<span class=\"elementor-divider-separator\">\n\t\t\t\t\t\t<\/span>\n\t\t<\/div>\n\t\t\t\t\t\t<\/div>\n\t\t\t\t<\/div>\n\t\t\t\t<\/div>\n\t\t\t\t\t<\/div>\n\t\t\t\t<\/div>\n\t\t<div class=\"elementor-element elementor-element-2014dfc7 e-flex e-con-boxed wpr-particle-no wpr-jarallax-no wpr-parallax-no wpr-sticky-section-no e-con e-parent\" data-id=\"2014dfc7\" data-element_type=\"container\">\n\t\t\t\t\t<div class=\"e-con-inner\">\n\t\t<div class=\"elementor-element elementor-element-29f33783 e-flex e-con-boxed wpr-particle-no wpr-jarallax-no wpr-parallax-no wpr-sticky-section-no elementor-invisible e-con e-child\" data-id=\"29f33783\" data-element_type=\"container\" data-settings=\"{&quot;animation&quot;:&quot;slideInLeft&quot;}\">\n\t\t\t\t\t<div class=\"e-con-inner\">\n\t\t\t\t<div class=\"elementor-element elementor-element-318e897a elementor-widget elementor-widget-image\" data-id=\"318e897a\" data-element_type=\"widget\" data-widget_type=\"image.default\">\n\t\t\t\t<div class=\"elementor-widget-container\">\n\t\t\t\t\t\t\t\t\t\t\t\t\t\t\t<img fetchpriority=\"high\" decoding=\"async\" width=\"675\" height=\"973\" src=\"https:\/\/jmserviciosintegrales.online\/wp-content\/uploads\/2025\/04\/ELECTRICISTA.png\" class=\"elementor-animation-pulse-shrink attachment-full size-full wp-image-1244\" alt=\"\" srcset=\"https:\/\/jmserviciosintegrales.online\/wp-content\/uploads\/2025\/04\/ELECTRICISTA.png 675w, https:\/\/jmserviciosintegrales.online\/wp-content\/uploads\/2025\/04\/ELECTRICISTA-208x300.png 208w\" sizes=\"(max-width: 675px) 100vw, 675px\" \/>\t\t\t\t\t\t\t\t\t\t\t\t\t\t\t<\/div>\n\t\t\t\t<\/div>\n\t\t\t\t\t<\/div>\n\t\t\t\t<\/div>\n\t\t<div class=\"elementor-element elementor-element-41d55ba8 e-flex e-con-boxed wpr-particle-no wpr-jarallax-no wpr-parallax-no wpr-sticky-section-no elementor-invisible e-con e-child\" data-id=\"41d55ba8\" data-element_type=\"container\" data-settings=\"{&quot;animation&quot;:&quot;slideInRight&quot;}\">\n\t\t\t\t\t<div class=\"e-con-inner\">\n\t\t\t\t<div class=\"elementor-element elementor-element-49ae8efa elementor-widget elementor-widget-heading\" data-id=\"49ae8efa\" data-element_type=\"widget\" data-widget_type=\"heading.default\">\n\t\t\t\t<div class=\"elementor-widget-container\">\n\t\t\t\t\t<h2 class=\"elementor-heading-title elementor-size-default\">Servicio de Electricista\n<\/h2>\t\t\t\t<\/div>\n\t\t\t\t<\/div>\n\t\t\t\t<div class=\"elementor-element elementor-element-3497985 elementor-widget elementor-widget-text-editor\" data-id=\"3497985\" data-element_type=\"widget\" data-widget_type=\"text-editor.default\">\n\t\t\t\t<div class=\"elementor-widget-container\">\n\t\t\t\t\t\t\t\t\t<p class=\"\" data-start=\"163\" data-end=\"577\">En <strong data-start=\"166\" data-end=\"193\">JM Servicios Integrales<\/strong> brindamos un servicio de <strong data-start=\"219\" data-end=\"235\">electricidad<\/strong> completo y seguro, orientado a la instalaci\u00f3n, reparaci\u00f3n y mantenimiento de sistemas el\u00e9ctricos residenciales, comerciales e industriales. Nuestro equipo de electricistas certificados trabaja siguiendo estrictos est\u00e1ndares de calidad y seguridad para garantizar un funcionamiento eficiente y confiable de todas las instalaciones el\u00e9ctricas.<\/p><p class=\"\" data-start=\"579\" data-end=\"619\">Nuestros principales servicios incluyen:<\/p><ul data-start=\"621\" data-end=\"1034\"><li class=\"\" data-start=\"621\" data-end=\"666\"><p class=\"\" data-start=\"623\" data-end=\"666\"><strong data-start=\"623\" data-end=\"666\">Instalaci\u00f3n de redes el\u00e9ctricas nuevas.<\/strong><\/p><\/li><li class=\"\" data-start=\"667\" data-end=\"739\"><p class=\"\" data-start=\"669\" data-end=\"739\"><strong data-start=\"669\" data-end=\"739\">Mantenimiento y reparaci\u00f3n de instalaciones el\u00e9ctricas existentes.<\/strong><\/p><\/li><li class=\"\" data-start=\"740\" data-end=\"834\"><p class=\"\" data-start=\"742\" data-end=\"834\"><strong data-start=\"742\" data-end=\"834\">Cambio e instalaci\u00f3n de luminarias, tomacorrientes, interruptores y tableros el\u00e9ctricos.<\/strong><\/p><\/li><li class=\"\" data-start=\"835\" data-end=\"883\"><p class=\"\" data-start=\"837\" data-end=\"883\"><strong data-start=\"837\" data-end=\"883\">Detecci\u00f3n y soluci\u00f3n de fallas el\u00e9ctricas.<\/strong><\/p><\/li><li class=\"\" data-start=\"884\" data-end=\"949\"><p class=\"\" data-start=\"886\" data-end=\"949\"><strong data-start=\"886\" data-end=\"949\">Instalaci\u00f3n de sistemas de iluminaci\u00f3n interior y exterior.<\/strong><\/p><\/li><li class=\"\" data-start=\"950\" data-end=\"1034\"><p class=\"\" data-start=\"952\" data-end=\"1034\"><strong data-start=\"952\" data-end=\"1034\">Instalaci\u00f3n de sistemas de puesta a tierra y protecci\u00f3n contra sobretensiones.<\/strong><\/p><\/li><\/ul><p class=\"\" data-start=\"1036\" data-end=\"1256\">En <strong data-start=\"1039\" data-end=\"1066\">JM Servicios Integrales<\/strong> nos comprometemos a brindar soluciones r\u00e1pidas, eficaces y adaptadas a las necesidades de cada cliente, siempre priorizando la seguridad y el buen desempe\u00f1o de las instalaciones el\u00e9ctricas.<\/p>\t\t\t\t\t\t\t\t<\/div>\n\t\t\t\t<\/div>\n\t\t\t\t<div class=\"elementor-element elementor-element-6b8943b9 wpr-button-icon-style-inline wpr-button-icon-position-right elementor-widget elementor-widget-wpr-button\" data-id=\"6b8943b9\" data-element_type=\"widget\" data-widget_type=\"wpr-button.default\">\n\t\t\t\t<div class=\"elementor-widget-container\">\n\t\t\t\t\t\t\n\t\t\t\n\t\t\n\t\t<div class=\"wpr-button-wrap elementor-clearfix\">\n\t\t<a class=\"wpr-button wpr-button-effect wpr-button-none\" data-text=\"Go\" href=\"https:\/\/wa.link\/9zz59w\">\n\t\t\t\n\t\t\t<span class=\"wpr-button-content\">\n\t\t\t\t\t\t\t\t\t<span class=\"wpr-button-text\">CONT\u00c1CTANOS<\/span>\n\t\t\t\t\t\t\t\t\n\t\t\t\t\t\t\t\t\t<span class=\"wpr-button-icon\"><svg class=\"e-font-icon-svg e-fab-whatsapp\" viewBox=\"0 0 448 512\" xmlns=\"http:\/\/www.w3.org\/2000\/svg\"><path d=\"M380.9 97.1C339 55.1 283.2 32 223.9 32c-122.4 0-222 99.6-222 222 0 39.1 10.2 77.3 29.6 111L0 480l117.7-30.9c32.4 17.7 68.9 27 106.1 27h.1c122.3 0 224.1-99.6 224.1-222 0-59.3-25.2-115-67.1-157zm-157 341.6c-33.2 0-65.7-8.9-94-25.7l-6.7-4-69.8 18.3L72 359.2l-4.4-7c-18.5-29.4-28.2-63.3-28.2-98.2 0-101.7 82.8-184.5 184.6-184.5 49.3 0 95.6 19.2 130.4 54.1 34.8 34.9 56.2 81.2 56.1 130.5 0 101.8-84.9 184.6-186.6 184.6zm101.2-138.2c-5.5-2.8-32.8-16.2-37.9-18-5.1-1.9-8.8-2.8-12.5 2.8-3.7 5.6-14.3 18-17.6 21.8-3.2 3.7-6.5 4.2-12 1.4-32.6-16.3-54-29.1-75.5-66-5.7-9.8 5.7-9.1 16.3-30.3 1.8-3.7.9-6.9-.5-9.7-1.4-2.8-12.5-30.1-17.1-41.2-4.5-10.8-9.1-9.3-12.5-9.5-3.2-.2-6.9-.2-10.6-.2-3.7 0-9.7 1.4-14.8 6.9-5.1 5.6-19.4 19-19.4 46.3 0 27.3 19.9 53.7 22.6 57.4 2.8 3.7 39.1 59.7 94.8 83.8 35.2 15.2 49 16.5 66.6 13.9 10.7-1.6 32.8-13.4 37.4-26.4 4.6-13 4.6-24.1 3.2-26.4-1.3-2.5-5-3.9-10.5-6.6z\"><\/path><\/svg><\/span>\n\t\t\t\t\t\t\t<\/span>\n\t\t<\/a>\n\n\t\t\t\t<\/div>\n\t\n\t\n\t\t\t\t\t<\/div>\n\t\t\t\t<\/div>\n\t\t\t\t\t<\/div>\n\t\t\t\t<\/div>\n\t\t\t\t\t<\/div>\n\t\t\t\t<\/div>\n\t\t\t\t<\/div>\n\t\t","protected":false},"excerpt":{"rendered":"<p>Servicio de Electricista Servicio de Electricista En JM Servicios Integrales brindamos un servicio de electricidad completo y seguro, orientado a la instalaci\u00f3n, reparaci\u00f3n y mantenimiento de sistemas el\u00e9ctricos residenciales, comerciales e industriales. Nuestro equipo de electricistas certificados trabaja siguiendo estrictos est\u00e1ndares de calidad y seguridad para garantizar un funcionamiento eficiente y confiable de todas las instalaciones el\u00e9ctricas. Nuestros principales servicios incluyen: Instalaci\u00f3n de redes el\u00e9ctricas nuevas. Mantenimiento y reparaci\u00f3n de instalaciones el\u00e9ctricas existentes. Cambio e instalaci\u00f3n de luminarias, tomacorrientes, interruptores y tableros el\u00e9ctricos. Detecci\u00f3n y soluci\u00f3n de fallas el\u00e9ctricas. Instalaci\u00f3n de sistemas de iluminaci\u00f3n interior y exterior. Instalaci\u00f3n de sistemas de puesta a tierra y protecci\u00f3n contra sobretensiones. En JM Servicios Integrales nos comprometemos a brindar soluciones r\u00e1pidas, eficaces y adaptadas a las necesidades de cada cliente, siempre priorizando la seguridad y el buen desempe\u00f1o de las instalaciones el\u00e9ctricas. CONT\u00c1CTANOS<\/p>\n","protected":false},"author":1,"featured_media":0,"parent":0,"menu_order":0,"comment_status":"closed","ping_status":"closed","template":"","meta":{"_joinchat":[],"footnotes":""},"class_list":["post-1323","page","type-page","status-publish","hentry"],"_links":{"self":[{"href":"https:\/\/jmserviciosintegrales.online\/index.php\/wp-json\/wp\/v2\/pages\/1323","targetHints":{"allow":["GET"]}}],"collection":[{"href":"https:\/\/jmserviciosintegrales.online\/index.php\/wp-json\/wp\/v2\/pages"}],"about":[{"href":"https:\/\/jmserviciosintegrales.online\/index.php\/wp-json\/wp\/v2\/types\/page"}],"author":[{"embeddable":true,"href":"https:\/\/jmserviciosintegrales.online\/index.php\/wp-json\/wp\/v2\/users\/1"}],"replies":[{"embeddable":true,"href":"https:\/\/jmserviciosintegrales.online\/index.php\/wp-json\/wp\/v2\/comments?post=1323"}],"version-history":[{"count":13,"href":"https:\/\/jmserviciosintegrales.online\/index.php\/wp-json\/wp\/v2\/pages\/1323\/revisions"}],"predecessor-version":[{"id":1422,"href":"https:\/\/jmserviciosintegrales.online\/index.php\/wp-json\/wp\/v2\/pages\/1323\/revisions\/1422"}],"wp:attachment":[{"href":"https:\/\/jmserviciosintegrales.online\/index.php\/wp-json\/wp\/v2\/media?parent=1323"}],"curies":[{"name":"wp","href":"https:\/\/api.w.org\/{rel}","templated":true}]}}